{"id":3061,"date":"2024-03-26T11:33:05","date_gmt":"2024-03-26T11:33:05","guid":{"rendered":"http:\/\/avaservices.com.pl\/useful-links\/"},"modified":"2024-07-22T09:52:23","modified_gmt":"2024-07-22T09:52:23","slug":"przydatne-linki","status":"publish","type":"page","link":"https:\/\/avaservices.com.pl\/en\/przydatne-linki\/","title":{"rendered":"Useful Links"},"content":{"rendered":"\t\t<div data-elementor-type=\"wp-page\" data-elementor-id=\"3061\" class=\"elementor elementor-3061 elementor-2649\" data-elementor-post-type=\"page\">\n\t\t\t\t<div class=\"elementor-element elementor-element-63084bb e-flex e-con-boxed e-con e-parent\" data-id=\"63084bb\" data-element_type=\"container\" data-e-type=\"container\">\n\t\t\t\t\t<div class=\"e-con-inner\">\n\t\t<div class=\"elementor-element elementor-element-33b282a e-con-full e-flex e-con e-child\" data-id=\"33b282a\" data-element_type=\"container\" data-e-type=\"container\">\n\t\t\t\t<div data-dce-title-color=\"#1C9D97\" class=\"elementor-element elementor-element-6e03f27 elementor-widget elementor-widget-heading\" data-id=\"6e03f27\" data-element_type=\"widget\" data-e-type=\"widget\" data-widget_type=\"heading.default\">\n\t\t\t\t<div class=\"elementor-widget-container\">\n\t\t\t\t\t<h1 class=\"elementor-heading-title elementor-size-default\">Useful links<\/h1>\t\t\t\t<\/div>\n\t\t\t\t<\/div>\n\t\t\t\t<div class=\"elementor-element elementor-element-908e316 elementor-widget elementor-widget-text-editor\" data-id=\"908e316\" data-element_type=\"widget\" data-e-type=\"widget\" data-widget_type=\"text-editor.default\">\n\t\t\t\t<div class=\"elementor-widget-container\">\n\t\t\t\t\t\t\t\t\tWith your needs in mind, we have compiled a compilation of carefully selected links that are regularly updated to ensure compliance with the current state of the law:\t\t\t\t\t\t\t\t<\/div>\n\t\t\t\t<\/div>\n\t\t\t\t<div class=\"dce-fix-background-loop elementor-element elementor-element-0b88170 elementor-widget elementor-widget-dce-acf-repeater-v2\" data-id=\"0b88170\" data-element_type=\"widget\" data-e-type=\"widget\" data-settings=\"{&quot;dce_acf_repeater_format&quot;:&quot;grid&quot;}\" data-widget_type=\"dce-acf-repeater-v2.default\">\n\t\t\t\t<div class=\"elementor-widget-container\">\n\t\t\t\t\t<div class=\"dce-acf-repeater\"><div class=\"dce-acf-repeater-grid\"><div class=\"dce-acf-repeater-item\"><h6 class=\"repeater-item elementor-repeater-item-0a05d8f\">CEIDG entries search<\/h6><span class=\"repeater-item elementor-repeater-item-d335857\"><a href=\"https:\/\/aplikacja.ceidg.gov.pl\/ceidg\/ceidg.public.ui\/search.aspx\" target=\"_blank\">https:\/\/aplikacja.ceidg.gov.pl\/ceidg\/ceidg.public.ui\/search.aspx<\/a><\/span><\/div><div class=\"dce-acf-repeater-item\"><h6 class=\"repeater-item elementor-repeater-item-0a05d8f\">Confirmation of VAT number (VIES)<\/h6><span class=\"repeater-item elementor-repeater-item-d335857\"><a href=\"https:\/\/ec.europa.eu\/taxation_customs\/vies\/#\/vat-validation\" target=\"_blank\">https:\/\/ec.europa.eu\/taxation_customs\/vies\/#\/vat-validation<\/a><\/span><\/div><div class=\"dce-acf-repeater-item\"><h6 class=\"repeater-item elementor-repeater-item-0a05d8f\">List of entities registered as VAT taxpayers, unregistered and deleted and reinstated in the VAT register<\/h6><span class=\"repeater-item elementor-repeater-item-d335857\"><a href=\"https:\/\/www.podatki.gov.pl\/wykaz-podatnikow-vat-wyszukiwarka\" target=\"_blank\">https:\/\/www.podatki.gov.pl\/wykaz-podatnikow-vat-wyszukiwarka<\/a><\/span><\/div><div class=\"dce-acf-repeater-item\"><h6 class=\"repeater-item elementor-repeater-item-0a05d8f\">National Company Register<\/h6><span class=\"repeater-item elementor-repeater-item-d335857\"><a href=\"https:\/\/prs.ms.gov.pl\/krs\" target=\"_blank\">https:\/\/prs.ms.gov.pl\/krs<\/a><\/span><\/div><div class=\"dce-acf-repeater-item\"><h6 class=\"repeater-item elementor-repeater-item-0a05d8f\">Interest calculators<\/h6><span class=\"repeater-item elementor-repeater-item-d335857\"><a href=\"https:\/\/kalkulatory.gofin.pl\/dzial\/kalkulatory-odsetek\" target=\"_blank\">https:\/\/kalkulatory.gofin.pl\/dzial\/kalkulatory-odsetek<\/a><\/span><\/div><div class=\"dce-acf-repeater-item\"><h6 class=\"repeater-item elementor-repeater-item-0a05d8f\">Salary calculator<\/h6><span class=\"repeater-item elementor-repeater-item-d335857\"><a href=\"https:\/\/kalkulatory.gofin.pl\/kalkulatory\/kalkulator-wynagrodzen-2024\" target=\"_blank\">https:\/\/kalkulatory.gofin.pl\/kalkulatory\/kalkulator-wynagrodzen-2024<\/a><\/span><\/div><\/div><\/div>\t\t\t\t<\/div>\n\t\t\t\t<\/div>\n\t\t\t\t<\/div>\n\t\t\t\t\t<\/div>\n\t\t\t\t<\/div>\n\t\t\t\t<\/div>\n\t\t","protected":false},"excerpt":{"rendered":"<p>Z my\u015bl\u0105 o Pa\u0144stwa potrzebach, skompilowali\u015bmy zestawienie starannie wyselekcjonowanych link\u00f3w, kt\u00f3re s\u0105 regularnie aktualizowane, aby zapewni\u0107 zgodno\u015b\u0107 z aktualnym stanem prawnym<\/p>\n","protected":false},"author":1,"featured_media":0,"parent":0,"menu_order":0,"comment_status":"closed","ping_status":"closed","template":"","meta":{"_acf_changed":false,"footnotes":""},"class_list":["post-3061","page","type-page","status-publish","hentry"],"acf":[],"yoast_head":"<!-- This site is optimized with the Yoast SEO plugin v27.2 - https:\/\/yoast.com\/product\/yoast-seo-wordpress\/ -->\n<title>Useful Links - AVA Services<\/title>\n<meta name=\"robots\" content=\"index, follow, max-snippet:-1, max-image-preview:large, max-video-preview:-1\" \/>\n<link rel=\"canonical\" href=\"https:\/\/avaservices.com.pl\/en\/przydatne-linki\/\" \/>\n<meta property=\"og:locale\" content=\"en_US\" \/>\n<meta property=\"og:type\" content=\"article\" \/>\n<meta property=\"og:title\" content=\"Useful Links - AVA Services\" \/>\n<meta property=\"og:description\" content=\"Z my\u015bl\u0105 o Pa\u0144stwa potrzebach, skompilowali\u015bmy zestawienie starannie wyselekcjonowanych link\u00f3w, kt\u00f3re s\u0105 regularnie aktualizowane, aby zapewni\u0107 zgodno\u015b\u0107 z aktualnym stanem prawnym\" \/>\n<meta property=\"og:url\" content=\"https:\/\/avaservices.com.pl\/en\/przydatne-linki\/\" \/>\n<meta property=\"og:site_name\" content=\"AVA Services\" \/>\n<meta property=\"article:modified_time\" content=\"2024-07-22T09:52:23+00:00\" \/>\n<meta name=\"twitter:card\" content=\"summary_large_image\" \/>\n<meta name=\"twitter:label1\" content=\"Est. reading time\" \/>\n\t<meta name=\"twitter:data1\" content=\"1 minute\" \/>\n<script type=\"application\/ld+json\" class=\"yoast-schema-graph\">{\"@context\":\"https:\/\/schema.org\",\"@graph\":[{\"@type\":\"WebPage\",\"@id\":\"https:\/\/avaservices.com.pl\/en\/przydatne-linki\/\",\"url\":\"https:\/\/avaservices.com.pl\/en\/przydatne-linki\/\",\"name\":\"Useful Links - AVA Services\",\"isPartOf\":{\"@id\":\"https:\/\/avaservices.com.pl\/#website\"},\"datePublished\":\"2024-03-26T11:33:05+00:00\",\"dateModified\":\"2024-07-22T09:52:23+00:00\",\"breadcrumb\":{\"@id\":\"https:\/\/avaservices.com.pl\/en\/przydatne-linki\/#breadcrumb\"},\"inLanguage\":\"en-US\",\"potentialAction\":[{\"@type\":\"ReadAction\",\"target\":[\"https:\/\/avaservices.com.pl\/en\/przydatne-linki\/\"]}]},{\"@type\":\"BreadcrumbList\",\"@id\":\"https:\/\/avaservices.com.pl\/en\/przydatne-linki\/#breadcrumb\",\"itemListElement\":[{\"@type\":\"ListItem\",\"position\":1,\"name\":\"Strona g\u0142\u00f3wna\",\"item\":\"http:\/\/avaservices.com.pl\/en\/\"},{\"@type\":\"ListItem\",\"position\":2,\"name\":\"Useful Links\"}]},{\"@type\":\"WebSite\",\"@id\":\"https:\/\/avaservices.com.pl\/#website\",\"url\":\"https:\/\/avaservices.com.pl\/\",\"name\":\"AVA Services\",\"description\":\"\",\"publisher\":{\"@id\":\"https:\/\/avaservices.com.pl\/#organization\"},\"potentialAction\":[{\"@type\":\"SearchAction\",\"target\":{\"@type\":\"EntryPoint\",\"urlTemplate\":\"https:\/\/avaservices.com.pl\/?s={search_term_string}\"},\"query-input\":{\"@type\":\"PropertyValueSpecification\",\"valueRequired\":true,\"valueName\":\"search_term_string\"}}],\"inLanguage\":\"en-US\"},{\"@type\":\"Organization\",\"@id\":\"https:\/\/avaservices.com.pl\/#organization\",\"name\":\"AVA Services\",\"url\":\"https:\/\/avaservices.com.pl\/\",\"logo\":{\"@type\":\"ImageObject\",\"inLanguage\":\"en-US\",\"@id\":\"https:\/\/avaservices.com.pl\/#\/schema\/logo\/image\/\",\"url\":\"https:\/\/avaservices.dkonto.pl\/wp-content\/uploads\/2024\/01\/AVA-Services_logo-kolor-noline.png\",\"contentUrl\":\"https:\/\/avaservices.dkonto.pl\/wp-content\/uploads\/2024\/01\/AVA-Services_logo-kolor-noline.png\",\"width\":1667,\"height\":1161,\"caption\":\"AVA Services\"},\"image\":{\"@id\":\"https:\/\/avaservices.com.pl\/#\/schema\/logo\/image\/\"}}]}<\/script>\n<!-- \/ Yoast SEO plugin. -->","yoast_head_json":{"title":"Useful Links - AVA Services","robots":{"index":"index","follow":"follow","max-snippet":"max-snippet:-1","max-image-preview":"max-image-preview:large","max-video-preview":"max-video-preview:-1"},"canonical":"https:\/\/avaservices.com.pl\/en\/przydatne-linki\/","og_locale":"en_US","og_type":"article","og_title":"Useful Links - AVA Services","og_description":"Z my\u015bl\u0105 o Pa\u0144stwa potrzebach, skompilowali\u015bmy zestawienie starannie wyselekcjonowanych link\u00f3w, kt\u00f3re s\u0105 regularnie aktualizowane, aby zapewni\u0107 zgodno\u015b\u0107 z aktualnym stanem prawnym","og_url":"https:\/\/avaservices.com.pl\/en\/przydatne-linki\/","og_site_name":"AVA Services","article_modified_time":"2024-07-22T09:52:23+00:00","twitter_card":"summary_large_image","twitter_misc":{"Est. reading time":"1 minute"},"schema":{"@context":"https:\/\/schema.org","@graph":[{"@type":"WebPage","@id":"https:\/\/avaservices.com.pl\/en\/przydatne-linki\/","url":"https:\/\/avaservices.com.pl\/en\/przydatne-linki\/","name":"Useful Links - AVA Services","isPartOf":{"@id":"https:\/\/avaservices.com.pl\/#website"},"datePublished":"2024-03-26T11:33:05+00:00","dateModified":"2024-07-22T09:52:23+00:00","breadcrumb":{"@id":"https:\/\/avaservices.com.pl\/en\/przydatne-linki\/#breadcrumb"},"inLanguage":"en-US","potentialAction":[{"@type":"ReadAction","target":["https:\/\/avaservices.com.pl\/en\/przydatne-linki\/"]}]},{"@type":"BreadcrumbList","@id":"https:\/\/avaservices.com.pl\/en\/przydatne-linki\/#breadcrumb","itemListElement":[{"@type":"ListItem","position":1,"name":"Strona g\u0142\u00f3wna","item":"http:\/\/avaservices.com.pl\/en\/"},{"@type":"ListItem","position":2,"name":"Useful Links"}]},{"@type":"WebSite","@id":"https:\/\/avaservices.com.pl\/#website","url":"https:\/\/avaservices.com.pl\/","name":"AVA Services","description":"","publisher":{"@id":"https:\/\/avaservices.com.pl\/#organization"},"potentialAction":[{"@type":"SearchAction","target":{"@type":"EntryPoint","urlTemplate":"https:\/\/avaservices.com.pl\/?s={search_term_string}"},"query-input":{"@type":"PropertyValueSpecification","valueRequired":true,"valueName":"search_term_string"}}],"inLanguage":"en-US"},{"@type":"Organization","@id":"https:\/\/avaservices.com.pl\/#organization","name":"AVA Services","url":"https:\/\/avaservices.com.pl\/","logo":{"@type":"ImageObject","inLanguage":"en-US","@id":"https:\/\/avaservices.com.pl\/#\/schema\/logo\/image\/","url":"https:\/\/avaservices.dkonto.pl\/wp-content\/uploads\/2024\/01\/AVA-Services_logo-kolor-noline.png","contentUrl":"https:\/\/avaservices.dkonto.pl\/wp-content\/uploads\/2024\/01\/AVA-Services_logo-kolor-noline.png","width":1667,"height":1161,"caption":"AVA Services"},"image":{"@id":"https:\/\/avaservices.com.pl\/#\/schema\/logo\/image\/"}}]}},"_links":{"self":[{"href":"https:\/\/avaservices.com.pl\/en\/wp-json\/wp\/v2\/pages\/3061","targetHints":{"allow":["GET"]}}],"collection":[{"href":"https:\/\/avaservices.com.pl\/en\/wp-json\/wp\/v2\/pages"}],"about":[{"href":"https:\/\/avaservices.com.pl\/en\/wp-json\/wp\/v2\/types\/page"}],"author":[{"embeddable":true,"href":"https:\/\/avaservices.com.pl\/en\/wp-json\/wp\/v2\/users\/1"}],"replies":[{"embeddable":true,"href":"https:\/\/avaservices.com.pl\/en\/wp-json\/wp\/v2\/comments?post=3061"}],"version-history":[{"count":5,"href":"https:\/\/avaservices.com.pl\/en\/wp-json\/wp\/v2\/pages\/3061\/revisions"}],"predecessor-version":[{"id":3714,"href":"https:\/\/avaservices.com.pl\/en\/wp-json\/wp\/v2\/pages\/3061\/revisions\/3714"}],"wp:attachment":[{"href":"https:\/\/avaservices.com.pl\/en\/wp-json\/wp\/v2\/media?parent=3061"}],"curies":[{"name":"wp","href":"https:\/\/api.w.org\/{rel}","templated":true}]}}